{"id":686,"date":"2023-12-17T12:57:05","date_gmt":"2023-12-17T12:57:05","guid":{"rendered":"https:\/\/fresco.ublac.site\/?page_id=686"},"modified":"2025-04-23T08:16:58","modified_gmt":"2025-04-23T08:16:58","slug":"about","status":"publish","type":"page","link":"https:\/\/fresco-select.com\/es\/about\/","title":{"rendered":"Acerca de"},"content":{"rendered":"<section class=\"bde-section-686-205 bde-section\">\n              \n  \n  \n\t    \n      <div class=\"section-background-video\">\n              <video\n          autoplay\n muted\n loop\n data-no-translation=\"\">\n        <source data-no-translation =\"\" src=\"https:\/\/fresco.ublac.site\/wp-content\/uploads\/sites\/35\/2024\/12\/woman-farm-worker-hands-picking-fresh-ripe-organic-2023-11-27-05-05-43-utc.mp4\" type=\"video\/mp4\" \/>\n      <\/video>\n      <\/div>\n\n\n\n\n<div class=\"section-container\"><h1 class=\"bde-heading-686-206 bde-heading\">\nAcerca de\n<\/h1><\/div>\n<\/section><section class=\"bde-section-686-208 bde-section\">\n  \n  \n\t\n\n\n\n<div class=\"section-container\"><div class=\"bde-columns-686-209 bde-columns\"><div class=\"bde-column-686-210 bde-column\">\n  \n  \n\t\n\n\n\n<div class=\"bde-text-686-211 bde-text\">\nAcerca de la empresa\n<\/div><h2 class=\"bde-heading-686-212 bde-heading\">\nFresco Select\n<\/h2><div class=\"bde-text-686-213 bde-text\">\nEn Fresco Select, nuestra historia comienza con la dedicaci\u00f3n y experiencia de Agri International, un nombre de confianza en la exportaci\u00f3n de productos agr\u00edcolas de origen estadounidense desde hace m\u00e1s de 20 a\u00f1os. Con sede en Atlanta (Georgia), Agri International ha forjado su reputaci\u00f3n conectando a los agricultores estadounidenses con los mercados mundiales, ofreciendo una calidad y un valor excepcionales a productores y fabricantes de alimentos de todo el mundo.<br><br>Fresco Select naci\u00f3 de este legado, una evoluci\u00f3n natural de nuestra misi\u00f3n de ofrecer los mejores ingredientes para satisfacer las necesidades del sector de la restauraci\u00f3n. Aprovechando la arraigada experiencia de Agri International en exportaciones agr\u00edcolas, Fresco Select encarna el mismo compromiso con la excelencia, la innovaci\u00f3n y la colaboraci\u00f3n que ha definido a nuestra empresa matriz durante d\u00e9cadas.<br>\n<\/div>\n<\/div><div class=\"bde-column-686-214 bde-column\" data-entrance=\"slideRight\">\n  \n  \n\t\n\n\n\n<div class=\"bde-text-686-215 bde-text\">\nDesde\n<\/div><div class=\"bde-simple-counter-686-216 bde-simple-counter\">\n<div class=\"bde-simple-counter__wrapper\">\n  <p class=\"bde-simple-counter__number bde-h6\">\n    <span class=\"bde-simple-counter__prefix\"><\/span>\n    <span class=\"bde-simple-counter__digit js-digit\"><\/span>\n    <span class=\"bde-simple-counter__suffix\">s<\/span>\n  <\/p>\n  <\/div>\n\n<\/div>\n<\/div><\/div><div class=\"bde-columns-686-218 bde-columns\"><div class=\"bde-column-686-219 bde-column\">\n  \n  \n\t\n\n\n\n<div class=\"bde-image-686-220 bde-image\" data-entrance=\"fade\">\n<figure class=\"breakdance-image breakdance-image--890\">\n\t<div class=\"breakdance-image-container\">\n\t\t<div class=\"breakdance-image-clip\"><img data-no-translation =\"\" decoding=\"async\" class=\"breakdance-image-object lazyload\" data-src=\"https:\/\/fresco.ublac.site\/wp-content\/uploads\/sites\/35\/2024\/12\/the-farmer-harvests-tomatoes-in-the-garden-select-2023-11-27-05-19-48-utc.jpg\" width=\"1365\" height=\"2048\" data-srcset=\"https:\/\/fresco.ublac.site\/wp-content\/uploads\/sites\/35\/2024\/12\/the-farmer-harvests-tomatoes-in-the-garden-select-2023-11-27-05-19-48-utc.jpg 1365w, https:\/\/fresco.ublac.site\/wp-content\/uploads\/sites\/35\/2024\/12\/the-farmer-harvests-tomatoes-in-the-garden-select-2023-11-27-05-19-48-utc-200x300.jpg 200w, https:\/\/fresco.ublac.site\/wp-content\/uploads\/sites\/35\/2024\/12\/the-farmer-harvests-tomatoes-in-the-garden-select-2023-11-27-05-19-48-utc-683x1024.jpg 683w, https:\/\/fresco.ublac.site\/wp-content\/uploads\/sites\/35\/2024\/12\/the-farmer-harvests-tomatoes-in-the-garden-select-2023-11-27-05-19-48-utc-768x1152.jpg 768w, https:\/\/fresco.ublac.site\/wp-content\/uploads\/sites\/35\/2024\/12\/the-farmer-harvests-tomatoes-in-the-garden-select-2023-11-27-05-19-48-utc-1024x1536.jpg 1024w, https:\/\/fresco.ublac.site\/wp-content\/uploads\/sites\/35\/2024\/12\/the-farmer-harvests-tomatoes-in-the-garden-select-2023-11-27-05-19-48-utc-600x900.jpg 600w\" data-sizes=\"(max-width: 1365px) 100vw, 1365px\" src=\"data:image\/svg+xml;base64,PHN2ZyB3aWR0aD0iMSIgaGVpZ2h0PSIxIiB4bWxucz0iaHR0cDovL3d3dy53My5vcmcvMjAwMC9zdmciPjwvc3ZnPg==\" style=\"--smush-placeholder-width: 1365px; --smush-placeholder-aspect-ratio: 1365\/2048;\"><\/div>\n\t<\/div><\/figure>\n\n<\/div>\n<\/div><div class=\"bde-column-686-221 bde-column\" data-entrance=\"slideLeft\">\n  \n  \n\t\n\n\n\n<div class=\"bde-text-686-222 bde-text\">\nNuestro proceso\n<\/div><h2 class=\"bde-heading-686-223 bde-heading\">\nDe la granja a la cocina: Un viaje a la calidad\n<\/h2><div class=\"bde-rich-text-686-224 bde-rich-text breakdance-rich-text-styles\">\n<p>En Fresco Select, creemos que una buena comida empieza por unos buenos ingredientes. Por eso obtenemos nuestros productos de agricultores estadounidenses de confianza, garantizando que cada botella de aceite, cada tarro de condimento y cada lote de salsa de queso cheddar cumplan los m\u00e1s altos est\u00e1ndares de calidad y frescura.<\/p>\n<p>Con el respaldo de la red mundial y la destreza log\u00edstica de Agri International, Fresco Select tiende un puente entre la granja y la cocina, proporcionando a las empresas de servicios alimentarios productos de primera calidad dise\u00f1ados para inspirar la creatividad culinaria y elevar los men\u00fas.<\/p>\n<\/div><div class=\"bde-button-686-225 bde-button\">\n    \n                                    \n    \n    \n    \n    \n            \n                    \n            \n            \n\n    \n    \n    \n    \n    \n    <a class=\"breakdance-link button-atom button-atom--primary bde-button__button\" href=\"https:\/\/fresco-select.com\/es\/consolidation\/\" target=\"_self\" data-type=\"url\"  >\n\n    \n        <span class=\"button-atom__text\">nuestros servicios<\/span>\n\n        \n        \n                <\/a>\n\n    \n\n\n<\/div>\n<\/div><\/div><\/div>\n<\/section><section class=\"bde-section-686-338 bde-section\">\n  \n  \n\t\n\n\n\n<div class=\"section-container\"><div class=\"bde-div-686-339 bde-div\" data-entrance=\"fade\">\n              \n  \n  \n\t\n\n  <div class=\"section-background-overlay\"><\/div>\n\n\n<h2 class=\"bde-heading-686-340 bde-heading\">\nCompromiso con la diversidad <br>y experiencia mundial\n<\/h2><div class=\"bde-text-686-341 bde-text\">\nNuestras ra\u00edces en Agri International tambi\u00e9n aportan una fuerza \u00fanica: un equipo diverso y multiling\u00fce que domina las costumbres, culturas e idiomas locales. Esta diversidad alimenta nuestra capacidad para navegar por las complejidades de las cadenas de suministro globales y conectar con los clientes de manera significativa.<br><br>Al comprender las necesidades tanto de nuestros proveedores como de nuestros clientes, hemos creado una marca que encarna la confianza, la fiabilidad y una calidad sin igual, valores que definen tanto a Agri International como a Fresco Select.<br>\n<\/div>\n<\/div><\/div>\n<\/section>","protected":false},"excerpt":{"rendered":"<p>Acerca de la empresa Fresco Select En Fresco Select, nuestra historia comienza con la dedicaci\u00f3n y la experiencia de Agri International, un nombre de confianza en la exportaci\u00f3n de productos agr\u00edcolas de origen estadounidense desde hace m\u00e1s de 20 a\u00f1os. Con sede en Atlanta, Georgia, Agri International ha forjado su reputaci\u00f3n conectando a los agricultores estadounidenses con los mercados mundiales, ofreciendo una calidad y un valor excepcionales [...].<\/p>","protected":false},"author":1,"featured_media":0,"parent":0,"menu_order":0,"comment_status":"closed","ping_status":"closed","template":"","meta":{"_acf_changed":false,"_breakdance_hide_in_design_set":false,"_breakdance_tags":"","footnotes":""},"class_list":["post-686","page","type-page","status-publish","hentry"],"acf":[],"_links":{"self":[{"href":"https:\/\/fresco-select.com\/es\/wp-json\/wp\/v2\/pages\/686","targetHints":{"allow":["GET"]}}],"collection":[{"href":"https:\/\/fresco-select.com\/es\/wp-json\/wp\/v2\/pages"}],"about":[{"href":"https:\/\/fresco-select.com\/es\/wp-json\/wp\/v2\/types\/page"}],"author":[{"embeddable":true,"href":"https:\/\/fresco-select.com\/es\/wp-json\/wp\/v2\/users\/1"}],"replies":[{"embeddable":true,"href":"https:\/\/fresco-select.com\/es\/wp-json\/wp\/v2\/comments?post=686"}],"version-history":[{"count":0,"href":"https:\/\/fresco-select.com\/es\/wp-json\/wp\/v2\/pages\/686\/revisions"}],"wp:attachment":[{"href":"https:\/\/fresco-select.com\/es\/wp-json\/wp\/v2\/media?parent=686"}],"curies":[{"name":"wp","href":"https:\/\/api.w.org\/{rel}","templated":true}]}}