{"id":682,"date":"2023-12-17T12:56:37","date_gmt":"2023-12-17T12:56:37","guid":{"rendered":"https:\/\/fresco.ublac.site\/?page_id=682"},"modified":"2025-11-30T11:54:58","modified_gmt":"2025-11-30T11:54:58","slug":"contact","status":"publish","type":"page","link":"https:\/\/fresco-select.com\/es\/contact\/","title":{"rendered":"P\u00f3ngase en contacto con"},"content":{"rendered":"<section class=\"bde-section-682-100 bde-section\">\n  \n  \n\t\n\n\n\n<div class=\"section-container\"><div class=\"bde-google-map-682-101 bde-google-map\">\r\n<iframe width=\"100%\" height=\"100%\" style=\"border:0\" title=\"Map\" data-src=\"https:\/\/maps.google.com\/maps?q=3330+CUMBERLAND+BLVD%3Cbr%3EATLANTA-GA+30339&t=m&z=16&output=embed&iwloc=near\" allowfullscreen data-no-translation=\"\" src=\"data:image\/svg+xml;base64,PHN2ZyB3aWR0aD0iMSIgaGVpZ2h0PSIxIiB4bWxucz0iaHR0cDovL3d3dy53My5vcmcvMjAwMC9zdmciPjwvc3ZnPg==\" class=\"lazyload\" data-load-mode=\"1\"><\/iframe>\n<\/div><\/div>\n<\/section><section class=\"bde-section-682-102 bde-section\">\n  \n  \n\t\n\n\n\n<div class=\"section-container\"><div class=\"bde-columns-682-103 bde-columns\"><div class=\"bde-column-682-104 bde-column\">\n  \n  \n\t\n\n\n\n<div class=\"bde-icon-682-105 bde-icon\" data-no-translation=\"\">\n\n    \n            <div class=\"bde-icon-icon breakdance-icon-atom\" data-no-translation=\"\" >\n    \n                    <svg xmlns=\"https:\/\/www.w3.org\/2000\/svg\" width=\"24\" height=\"24\" fill-rule=\"evenodd\" clip-rule=\"evenodd\" data-no-translation=\"\"><path d=\"M16 7h8v17h-24v-24h16v7zm-9 12h-2v4h2v-4zm4 0h-2v4h2v-4zm7 0h-2v4h2v-4zm4-10h-6v8h4v5h2v-13zm-8-7h-12v20h1v-5h10v5h1v-20zm-8 13h-2v-2h2v2zm3 0h-2v-2h2v2zm3 0h-2v-2h2v2zm8-2v2h-2v-2h2zm-14-1h-2v-2h2v2zm3 0h-2v-2h2v2zm3 0h-2v-2h2v2zm6-2h2v2h-2v-2zm-12-1h-2v-2h2v2zm3 0h-2v-2h2v2zm3 0h-2v-2h2v2zm-6-3h-2v-2h2v2zm3 0h-2v-2h2v2zm3 0h-2v-2h2v2z\"\/><\/svg>\n        \n        \n        \n            <\/div>\n    \n\n\n<\/div><div class=\"bde-text-682-106 bde-text\">\nAGRI INTERNATIONAL LLC<br>3330 CUMBERLAND BLVD<br>ATLANTA-GA 30339\n<\/div>\n<\/div><div class=\"bde-column-682-107 bde-column\">\n  \n  \n\t\n\n\n\n<div class=\"bde-icon-682-108 bde-icon\" data-no-translation=\"\">\n\n    \n            <div class=\"bde-icon-icon breakdance-icon-atom\" data-no-translation=\"\" >\n    \n                    <svg xmlns=\"https:\/\/www.w3.org\/2000\/svg\" width=\"24\" height=\"24\" viewbox=\"0 0 24 24\" data-no-translation=\"\"><path d=\"M9.762 1.322l2.843-1.322 4.041 7.89-2.725 1.341c-.537 1.259 2.159 6.289 3.297 6.372.09-.058 2.672-1.328 2.672-1.328l4.11 7.933s-2.764 1.354-2.854 1.396c-7.861 3.59-19.101-18.259-11.384-22.282zm1.929 1.274l-1.023.504c-5.293 2.762 4.178 21.185 9.648 18.686l.972-.474-2.271-4.383-1.026.5c-3.163 1.547-8.262-8.219-5.055-9.938l1.007-.497-2.252-4.398zm-.759 18.382c-1.474 1.442-3.914 1.708-4.604.522-.47-.809-.311-1.728-.127-2.793.201-1.161.429-2.478-.295-3.71-1.219-2.077-3.897-1.983-5.906-.671l.956 1.463c.829-.542 1.784-.775 2.493-.609 1.653.388 1.151 2.526 1.03 3.229-.212 1.223-.45 2.61.337 3.968 1.331 2.294 5.054 2.047 7.29-.091-.397-.407-.789-.84-1.174-1.308z\"\/><\/svg>\n        \n        \n        \n            <\/div>\n    \n\n\n<\/div><div class=\"bde-text-682-109 bde-text\">\nVentas: +1-404-610-4382<br>General:+1-470-344-4233\n<\/div>\n<\/div><div class=\"bde-column-682-110 bde-column\">\n  \n  \n\t\n\n\n\n<div class=\"bde-icon-682-111 bde-icon\" data-no-translation=\"\">\n\n    \n            <div class=\"bde-icon-icon breakdance-icon-atom\" data-no-translation=\"\" >\n    \n                    <svg xmlns=\"https:\/\/www.w3.org\/2000\/svg\" width=\"24\" height=\"24\" viewbox=\"0 0 24 24\" data-no-translation=\"\"><path d=\"M0 3v18h24v-18h-24zm6.623 7.929l-4.623 5.712v-9.458l4.623 3.746zm-4.141-5.929h19.035l-9.517 7.713-9.518-7.713zm5.694 7.188l3.824 3.099 3.83-3.104 5.612 6.817h-18.779l5.513-6.812zm9.208-1.264l4.616-3.741v9.348l-4.616-5.607z\"\/><\/svg>\n        \n        \n        \n            <\/div>\n    \n\n\n<\/div><div class=\"bde-text-682-118 bde-text\">\n2736 STILLWATER LAKE LANE<br>MARIETTA GA 30066\n<\/div><a class=\"bde-text-link-682-112 bde-text-link breakdance-link\" href=\"mailto:INFO@AGRILLC.COM\" target=\"_self\" data-type=\"url\">\n  INFO@AGRILLC.COM\n\n<\/a>\n<\/div><\/div><\/div>\n<\/section><section class=\"bde-section-682-114 bde-section\">\n  \n  \n\t\n\n\n\n<div class=\"section-container\"><h2 class=\"bde-heading-682-115 bde-heading\">\nContacto ventas\n<\/h2><div class=\"bde-text-682-116 bde-text\">\nRellene el siguiente formulario \n<\/div><div class=\"bde-form-builder-682-117 bde-form-builder\">\n\n<form id=\"contact-form117\" class=\"breakdance-form breakdance-form--vertical\" data-options=\"{&quot;slug&quot;:&quot;custom&quot;,&quot;name&quot;:&quot;Contact Form&quot;,&quot;ajaxUrl&quot;:&quot;https:\\\/\\\/fresco-select.com\\\/wp-admin\\\/admin-ajax.php&quot;,&quot;clearOnSuccess&quot;:true,&quot;hideOnSuccess&quot;:false,&quot;successMessage&quot;:&quot;Your message has been received!&quot;,&quot;errorMessage&quot;:&quot;Something went wrong&quot;,&quot;redirect&quot;:false,&quot;redirectUrl&quot;:&quot;&quot;,&quot;customJavaScript&quot;:&quot;&quot;,&quot;recaptcha&quot;:{&quot;key&quot;:&quot;&quot;,&quot;enabled&quot;:false},&quot;honeypot_enabled&quot;:false,&quot;popupsOnSuccess&quot;:[],&quot;popupsOnError&quot;:[]}\" data-steps=\"0\" action=\"\" >\n  \n  \n  \n<div class=\"breakdance-form-field breakdance-form-field--text\" >\n    \n    \n            <label class=\"breakdance-form-field__label\" for=\"name\">\n            Nombre<span class=\"breakdance-form-field__required\">*<\/span>\n        <\/label>\n    \n    <input\n    class=\"breakdance-form-field__input\"\n    id=\"name\"\n    aria-describedby=\"name\"\n    type=\"text\"\n    name=\"fields[name]\"\n    placeholder=\"John\"\n    value=\"\"\n                \n        \n        \n    required\n data-no-translation=\"\">\n\n\n    \n    \n<\/div>\n\n\n<div class=\"breakdance-form-field breakdance-form-field--text\" >\n    \n    \n            <label class=\"breakdance-form-field__label\" for=\"xcywqj\">\n            Apellido<span class=\"breakdance-form-field__required\">*<\/span>\n        <\/label>\n    \n    <input\n    class=\"breakdance-form-field__input\"\n    id=\"xcywqj\"\n    aria-describedby=\"xcywqj\"\n    type=\"text\"\n    name=\"fields[xcywqj]\"\n    placeholder=\"Doe\"\n    value=\"\"\n                \n        \n        \n    required\n data-no-translation=\"\">\n\n\n    \n    \n<\/div>\n\n\n<div class=\"breakdance-form-field breakdance-form-field--text\" >\n    \n    \n            <label class=\"breakdance-form-field__label\" for=\"utomuv\">\n            Empresa\n        <\/label>\n    \n    <input\n    class=\"breakdance-form-field__input\"\n    id=\"utomuv\"\n    aria-describedby=\"utomuv\"\n    type=\"text\"\n    name=\"fields[utomuv]\"\n    placeholder=\"Feel Good Inc.\"\n    value=\"\" data-no-translation=\"\"\n                \n        \n        \n    \n    \n    \n    \n>\n\n\n    \n    \n<\/div>\n\n\n<div class=\"breakdance-form-field breakdance-form-field--tel\" >\n    \n    \n            <label class=\"breakdance-form-field__label\" for=\"cpjpwb\">\n            Tel\u00e9fono\n        <\/label>\n    \n    <input\n    class=\"breakdance-form-field__input\"\n    id=\"cpjpwb\"\n    aria-describedby=\"cpjpwb\"\n    type=\"tel\"\n    name=\"fields[cpjpwb]\"\n    placeholder=\"+1 (234) 567-89-10\"\n    value=\"\" data-no-translation=\"\"\n                \n        \n        \n    \n    \n    \n    \n>\n\n\n    \n    \n<\/div>\n\n\n<div class=\"breakdance-form-field breakdance-form-field--email\" >\n    \n    \n            <label class=\"breakdance-form-field__label\" for=\"email\">\n            Correo electr\u00f3nico<span class=\"breakdance-form-field__required\">*<\/span>\n        <\/label>\n    \n    <input\n    class=\"breakdance-form-field__input\"\n    id=\"email\"\n    aria-describedby=\"email\"\n    type=\"email\"\n    name=\"fields[email]\"\n    placeholder=\"johndoe@example.com\"\n    value=\"\"\n                \n        \n        \n    required\n data-no-translation=\"\">\n\n\n    \n    \n<\/div>\n\n\n<div class=\"breakdance-form-field breakdance-form-field--textarea\" >\n    \n    \n            <label class=\"breakdance-form-field__label\" for=\"message\">\n            Mensaje<span class=\"breakdance-form-field__required\">*<\/span>\n        <\/label>\n    \n    <textarea\n    class=\"breakdance-form-field__input\"\n    id=\"message\"\n    aria-describedby=\"message\"\n    type=\"textarea\"\n    name=\"fields[message]\"\n        placeholder=\"Type your message...\"\n    required\n data-no-translation=\"\">\n<\/textarea>\n\n\n    \n    \n<\/div>\n\n\n<div class=\"breakdance-form-field breakdance-form-field--checkbox\" >\n    \n    \n    \n    <fieldset role=\"group\"\n    >\n          <div class=\"breakdance-form-checkbox\">\n          <input\n              type=\"checkbox\"\n              name=\"fields[dzgfwy]\"\n              value=\"agreed\"\n              id=\"dzgfwy-1\" data-no-translation=\"\"\n              \n                        >\n          <label class=\"breakdance-form-checkbox__text\" for=\"dzgfwy-1\">Al seleccionarlo, acepta la Pol\u00edtica de privacidad y la Pol\u00edtica de cookies<\/label>\n      <\/div>\n  <\/fieldset>\n\n\n\n    \n    \n<\/div>\n\n\n  \n\n<div class=\"breakdance-form-field breakdance-form-footer\">\n    \n    \n                                    \n    \n    \n    \n    \n            \n            <button type=\"submit\" class=\"button-atom button-atom--primary breakdance-form-button breakdance-form-button__submit\"  >\n    \n        <span class=\"button-atom__text\">Hablemos<\/span>\n\n        \n        \n            <\/button>\n    \n    <input type=\"hidden\" name=\"form_id\" value=\"117\" data-no-translation=\"\">\n    <input type=\"hidden\" name=\"post_id\" value=\"682\" data-no-translation=\"\">\n<\/div>\n\n  \n<input type=\"hidden\" name=\"trp-form-language\" value=\"es\"\/><\/form>\n\n\n<\/div><\/div>\n<\/section>","protected":false},"excerpt":{"rendered":"<p>AGRI INTERNATIONAL LLC3330 CUMBERLAND BLVDATLANTA-GA 30339 Ventas: +1-404-610-4382General:+1-470-344-4233 2736 STILLWATER LAKE LANEMARIETTA GA 30066 INFO@AGRILLC.COM Contactar con ventas Por favor, rellene el siguiente formulario Nombre* Apellidos* Empresa Tel\u00e9fono Email* Mensaje* Al seleccionarlo, acepta la Pol\u00edtica de privacidad y la Pol\u00edtica de cookies Hablemos<\/p>","protected":false},"author":1,"featured_media":0,"parent":0,"menu_order":0,"comment_status":"closed","ping_status":"closed","template":"","meta":{"_acf_changed":false,"_breakdance_hide_in_design_set":false,"_breakdance_tags":"","footnotes":""},"class_list":["post-682","page","type-page","status-publish","hentry"],"acf":[],"_links":{"self":[{"href":"https:\/\/fresco-select.com\/es\/wp-json\/wp\/v2\/pages\/682","targetHints":{"allow":["GET"]}}],"collection":[{"href":"https:\/\/fresco-select.com\/es\/wp-json\/wp\/v2\/pages"}],"about":[{"href":"https:\/\/fresco-select.com\/es\/wp-json\/wp\/v2\/types\/page"}],"author":[{"embeddable":true,"href":"https:\/\/fresco-select.com\/es\/wp-json\/wp\/v2\/users\/1"}],"replies":[{"embeddable":true,"href":"https:\/\/fresco-select.com\/es\/wp-json\/wp\/v2\/comments?post=682"}],"version-history":[{"count":0,"href":"https:\/\/fresco-select.com\/es\/wp-json\/wp\/v2\/pages\/682\/revisions"}],"wp:attachment":[{"href":"https:\/\/fresco-select.com\/es\/wp-json\/wp\/v2\/media?parent=682"}],"curies":[{"name":"wp","href":"https:\/\/api.w.org\/{rel}","templated":true}]}}