{"id":661,"date":"2023-12-15T19:12:21","date_gmt":"2023-12-15T19:12:21","guid":{"rendered":"https:\/\/fresco.ublac.site\/?page_id=661"},"modified":"2025-07-01T16:02:04","modified_gmt":"2025-07-01T16:02:04","slug":"home","status":"publish","type":"page","link":"https:\/\/fresco-select.com\/es\/","title":{"rendered":"Inicio"},"content":{"rendered":"<section class=\"bde-section-661-306 bde-section\">\n              \n  \n  \n\t    \n      <div class=\"section-background-video\">\n              <video\n          autoplay\n muted\n playsinline\n loop\n data-no-translation=\"\">\n        <source data-no-translation =\"\" src=\"https:\/\/fresco-select.com\/wp-content\/uploads\/sites\/35\/2025\/04\/fresco-homepage-banner.mp4\" type=\"video\/mp4\" \/>\n      <\/video>\n      <\/div>\n\n\n\n\n        <div class=\"section-shape-divider-wrapper section-shape-divider-wrapper--1\">\n          <span class=\"section-shape-divider\">\n                      <svg\n                xmlns=\"http:\/\/www.w3.org\/2000\/svg\"\n                viewbox=\"0 0 1440 320\"\n                preserveaspectratio=\"none\" data-no-translation=\"\"\n            >\n              <path d=\"M1440 262.4H791.987a34.745 34.745 0 0 0-24.56 10.174l-15.69 15.688c-17.527 17.528-45.947 17.528-63.475 0l-15.688-15.688a34.745 34.745 0 0 0-24.561-10.174H0V320h1440v-57.6Z\" fill=\"currentColor\"\/>\n            <\/svg>\n                    <\/span>\n      <\/div>\n  <div class=\"section-container\"><div class=\"bde-text-661-307 bde-text\">\nFresco Select\n<\/div><h1 class=\"bde-heading-661-308 bde-heading\">\nCosechar calidad Ofrecer excelencia\n<\/h1><div class=\"bde-lottie-animation-661-480 bde-lottie-animation\"><\/div><\/div>\n<\/section><section class=\"bde-section-661-546 bde-section\">\n  \n  \n\t\n\n\n\n<div class=\"section-container\"><div class=\"bde-text-661-548 bde-text\">\nEn Fresco Select, la calidad no es s\u00f3lo una promesa, es nuestra garant\u00eda. Nos especializamos en suministrar ingredientes de primera calidad a empresas de servicios alimentarios, garantizando que usted disponga de los mejores productos para elevar su oferta. Desde vers\u00e1tiles aceites vegetales hasta sabrosos condimentos y cremosas salsas de queso cheddar, nuestra gama est\u00e1 dise\u00f1ada para satisfacer las demandas del sector de la restauraci\u00f3n.<br><br>Descubra hoy mismo la diferencia de Fresco Select y perm\u00edtanos ayudarle a ofrecer sabores excepcionales y una calidad constante.\n<\/div><\/div>\n<\/section><section class=\"bde-section-661-520 bde-section\">\n  \n  \n\t\n\n\n\n<div class=\"section-container\"><h2 class=\"bde-heading-661-521 bde-heading\" data-entrance=\"slideUp\">\nNuestra oferta\n<\/h2><div class=\"bde-text-661-522 bde-text\" data-entrance=\"slideUp\">\nDesde vers\u00e1tiles aceites vegetales hasta ricos condimentos y salsas de queso cheddar, Fresco Select ofrece una completa gama de productos para los profesionales de la restauraci\u00f3n que buscan calidad sin concesiones.\n<\/div><div class=\"bde-columns-661-523 bde-columns\"><div class=\"bde-column-661-524 bde-column\" data-parallax=\"true\">\n  \n  \n\t\n\n\n\n<div class=\"bde-video-661-532 bde-video\">\n<div class=\"ee-video-container\">\n            <video class=\"ee-video\" src=\"https:\/\/fresco.ublac.site\/wp-content\/uploads\/sites\/35\/2024\/12\/slow-motion-shot-of-oil-pouring-shot-with-phantom-2023-11-27-05-10-38-utc.mp4\"\n               autoplay='true'                                                loop='true'                muted='true'                controlslist=\"nodownload\"                playsinline\n data-no-translation=\"\">\n        <\/video>\n    \n            <div class=\"ee-video-overlay\"><\/div>\n    <\/div>\n\n<\/div><div class=\"bde-button-661-542 bde-button bde-preset-74dd62b3-6714-4705-95c3-a96d0b15d4a2\">\n    \n                        \n                        \n    \n    \n    \n    \n            \n            <button type=\"button\" class=\"button-atom button-atom--custom bde-button__button\"  >\n    \n        <span class=\"button-atom__text\">Aceites vegetales<\/span>\n\n        \n        \n            <\/button>\n    \n\n\n<\/div>\n<\/div><div class=\"bde-column-661-534 bde-column\" data-parallax=\"true\">\n  \n  \n\t\n\n\n\n<div class=\"bde-video-661-535 bde-video\">\n<div class=\"ee-video-container\">\n            <video class=\"ee-video\" src=\"https:\/\/fresco.ublac.site\/wp-content\/uploads\/sites\/35\/2024\/12\/nuggets-fall-into-ketchup-filmed-is-slow-motion-10-2023-11-27-05-05-08-utc.mp4\"\n               autoplay='true'                                                loop='true'                muted='true'                controlslist=\"nodownload\"                playsinline\n data-no-translation=\"\">\n        <\/video>\n    \n    <\/div>\n\n<\/div><div class=\"bde-button-661-543 bde-button bde-preset-74dd62b3-6714-4705-95c3-a96d0b15d4a2\">\n    \n                        \n                        \n    \n    \n    \n    \n            \n            <button type=\"button\" class=\"button-atom button-atom--custom bde-button__button\"  >\n    \n        <span class=\"button-atom__text\">Condimentos y salsas<\/span>\n\n        \n        \n            <\/button>\n    \n\n\n<\/div>\n<\/div><div class=\"bde-column-661-537 bde-column\" data-parallax=\"true\">\n  \n  \n\t\n\n\n\n<div class=\"bde-video-661-538 bde-video\">\n<div class=\"ee-video-container\">\n            <video class=\"ee-video\" src=\"https:\/\/fresco.ublac.site\/wp-content\/uploads\/sites\/35\/2024\/12\/closeup-of-female-hands-mixing-sweet-pastry-toppin-2023-11-27-05-21-24-utc.mp4\"\n               autoplay='true'                                                loop='true'                muted='true'                controlslist=\"nodownload\"                playsinline\n data-no-translation=\"\">\n        <\/video>\n    \n    <\/div>\n\n<\/div><div class=\"bde-button-661-544 bde-button bde-preset-74dd62b3-6714-4705-95c3-a96d0b15d4a2\">\n    \n                        \n                        \n    \n    \n    \n    \n            \n            <button type=\"button\" class=\"button-atom button-atom--custom bde-button__button\"  >\n    \n        <span class=\"button-atom__text\">Horneado<\/span>\n\n        \n        \n            <\/button>\n    \n\n\n<\/div>\n<\/div><\/div><\/div>\n<\/section><section class=\"bde-section-661-401 bde-section\">\n  \n  \n\t\n\n\n\n<div class=\"section-container\"><div class=\"bde-columns-661-402 bde-columns\"><div class=\"bde-column-661-403 bde-column\" data-entrance=\"slideLeft\">\n              \n  \n  \n\t\n\n  <div class=\"section-background-overlay\"><\/div>\n\n\n<h2 class=\"bde-heading-661-404 bde-heading\">\nTrabajemos juntos\n<\/h2><div class=\"bde-text-661-405 bde-text\">\n\u00bfEst\u00e1s buscando una nueva y emocionante oportunidad para hacer crecer tu carrera? Si es as\u00ed, \u00a1queremos que te unas a nuestro equipo ahora mismo!\n<\/div><div class=\"bde-button-661-406 bde-button\">\n    \n                        \n                        \n    \n    \n    \n    \n            \n                    \n            \n            \n\n    \n    \n    \n    \n    \n    <a class=\"breakdance-link button-atom button-atom--primary bde-button__button\" href=\"mailto:robin@agrillc.com?subject=Join our Team&body=\" target=\"_self\" data-type=\"contact\"  >\n\n    \n        <span class=\"button-atom__text\">\u00danete a nuestro equipo<\/span>\n\n        \n        \n                <\/a>\n\n    \n\n\n<\/div>\n<\/div><div class=\"bde-column-661-407 bde-column\" data-entrance=\"slideRight\">\n  \n  \n\t\n\n\n\n<h2 class=\"bde-heading-661-408 bde-heading\">\nConvi\u00e9rtase en nuestro socio\n<\/h2><div class=\"bde-text-661-409 bde-text\">\n\u00bfQuiere ampliar sus horizontes y superar sus l\u00edmites?\n<\/div><div class=\"bde-button-661-410 bde-button\">\n    \n                        \n                        \n    \n    \n    \n    \n            \n                    \n            \n            \n\n    \n    \n    \n    \n    \n    <a class=\"breakdance-link button-atom button-atom--primary bde-button__button\" href=\"https:\/\/fresco-select.com\/es\/contact\/\" target=\"_self\" data-type=\"url\"  >\n\n    \n        <span class=\"button-atom__text\">Trabajemos juntos<\/span>\n\n        \n        \n                <\/a>\n\n    \n\n\n<\/div>\n<\/div><\/div><\/div>\n<\/section>","protected":false},"excerpt":{"rendered":"<p>Fresco Select Cosechando Calidad Entregando Excelencia En Fresco Select, la calidad no es s\u00f3lo una promesa - es nuestra garant\u00eda. Nos especializamos en suministrar ingredientes de primera calidad a empresas de servicios alimentarios, garantizando que usted disponga de los mejores productos para elevar su oferta. Desde vers\u00e1tiles aceites vegetales hasta sabrosos condimentos y cremosas salsas de queso cheddar, nuestra gama [...]<\/p>","protected":false},"author":1,"featured_media":0,"parent":0,"menu_order":0,"comment_status":"closed","ping_status":"closed","template":"","meta":{"_acf_changed":false,"_breakdance_hide_in_design_set":false,"_breakdance_tags":"","footnotes":""},"class_list":["post-661","page","type-page","status-publish","hentry"],"acf":[],"_links":{"self":[{"href":"https:\/\/fresco-select.com\/es\/wp-json\/wp\/v2\/pages\/661","targetHints":{"allow":["GET"]}}],"collection":[{"href":"https:\/\/fresco-select.com\/es\/wp-json\/wp\/v2\/pages"}],"about":[{"href":"https:\/\/fresco-select.com\/es\/wp-json\/wp\/v2\/types\/page"}],"author":[{"embeddable":true,"href":"https:\/\/fresco-select.com\/es\/wp-json\/wp\/v2\/users\/1"}],"replies":[{"embeddable":true,"href":"https:\/\/fresco-select.com\/es\/wp-json\/wp\/v2\/comments?post=661"}],"version-history":[{"count":0,"href":"https:\/\/fresco-select.com\/es\/wp-json\/wp\/v2\/pages\/661\/revisions"}],"wp:attachment":[{"href":"https:\/\/fresco-select.com\/es\/wp-json\/wp\/v2\/media?parent=661"}],"curies":[{"name":"wp","href":"https:\/\/api.w.org\/{rel}","templated":true}]}}