{"id":1095,"date":"2025-01-23T14:29:50","date_gmt":"2025-01-23T14:29:50","guid":{"rendered":"https:\/\/fresco.ublac.site\/?page_id=1095"},"modified":"2025-03-20T10:47:30","modified_gmt":"2025-03-20T10:47:30","slug":"consolidation","status":"publish","type":"page","link":"https:\/\/fresco-select.com\/es\/consolidation\/","title":{"rendered":"Consolidaci\u00f3n"},"content":{"rendered":"<section class=\"bde-section-1095-100 bde-section\">\n              \n  \n  \n\t    \n      <div class=\"section-background-video\">\n              <video\n          autoplay\n muted\n loop\n data-no-translation=\"\">\n        <source data-no-translation =\"\" src=\"https:\/\/fresco.ublac.site\/wp-content\/uploads\/sites\/35\/2025\/01\/handshake-of-man-and-woman-consolidation-of-busin-2023-11-27-05-30-50-utc.mp4\" type=\"video\/mp4\" \/>\n      <\/video>\n      <\/div>\n\n\n\n\n<div class=\"section-container\"><h1 class=\"bde-heading-1095-101 bde-heading\">\nServicios de consolidaci\u00f3n\n<\/h1><\/div>\n<\/section><section class=\"bde-section-1095-102 bde-section\">\n  \n  \n\t\n\n\n\n<div class=\"section-container\"><div class=\"bde-columns-1095-103 bde-columns\"><div class=\"bde-column-1095-104 bde-column\">\n  \n  \n\t\n\n\n\n<div class=\"bde-text-1095-106 bde-text\">\nLos servicios de consolidaci\u00f3n de AGRI International se adaptan a las diversas necesidades de nuestros clientes, permitiendo una gesti\u00f3n eficaz y rentable de los inventarios de productos. Al asociarnos con los principales mayoristas y consolidar directamente desde m\u00faltiples fabricantes, nos aseguramos de que nuestros clientes reciban una experiencia fluida y racionalizada. Este servicio es especialmente beneficioso para las empresas que buscan minimizar los costes de almacenamiento, reducir los plazos de entrega y optimizar las operaciones de su cadena de suministro. Nuestra amplia red y nuestra experiencia en log\u00edstica nos permiten gestionar las complejidades de la consolidaci\u00f3n con precisi\u00f3n, garantizando que los productos se agrupen, empaqueten y entreguen a tiempo.<br><br>Nuestros servicios de consolidaci\u00f3n est\u00e1n disponibles no s\u00f3lo para nuestra marca Fresco Select, sino tambi\u00e9n para otras marcas que gestionamos. Esta flexibilidad nos permite atender a una amplia gama de clientes, desde peque\u00f1os negocios hasta grandes empresas, proporcionando soluciones personalizadas que se ajustan a sus requisitos espec\u00edficos. En AGRI International, comprendemos la importancia de la fiabilidad y la eficiencia en la cadena de suministro, y nuestros servicios de consolidaci\u00f3n est\u00e1n dise\u00f1ados para satisfacer estas necesidades cr\u00edticas. Aprovechando nuestras avanzadas capacidades log\u00edsticas y nuestras s\u00f3lidas asociaciones, ayudamos a nuestros clientes a lograr una mayor eficiencia, ahorro de costes y \u00e9xito general en sus operaciones.\n<\/div>\n<\/div><div class=\"bde-column-1095-107 bde-column\" data-entrance=\"slideRight\">\n  \n  \n\t\n\n\n\n<div class=\"bde-text-1095-110 bde-text\">\nMinimice los costes de almacenamiento, reduzca los plazos de entrega y optimice las operaciones de la cadena de suministro.\n<\/div>\n<\/div><\/div><\/div>\n<\/section>","protected":false},"excerpt":{"rendered":"<p>Consolidation Services AGRI International&#8217;s consolidation services are tailored to meet the diverse needs of our clients, allowing for efficient and cost-effective management of product inventories. By partnering with major wholesalers and consolidating directly from multiple manufacturers, we ensure that our clients receive a seamless and streamlined experience. This service is especially beneficial for companies looking [&hellip;]<\/p>","protected":false},"author":1,"featured_media":0,"parent":0,"menu_order":0,"comment_status":"closed","ping_status":"closed","template":"","meta":{"_acf_changed":false,"_breakdance_hide_in_design_set":false,"_breakdance_tags":"","footnotes":""},"class_list":["post-1095","page","type-page","status-publish","hentry"],"acf":[],"_links":{"self":[{"href":"https:\/\/fresco-select.com\/es\/wp-json\/wp\/v2\/pages\/1095","targetHints":{"allow":["GET"]}}],"collection":[{"href":"https:\/\/fresco-select.com\/es\/wp-json\/wp\/v2\/pages"}],"about":[{"href":"https:\/\/fresco-select.com\/es\/wp-json\/wp\/v2\/types\/page"}],"author":[{"embeddable":true,"href":"https:\/\/fresco-select.com\/es\/wp-json\/wp\/v2\/users\/1"}],"replies":[{"embeddable":true,"href":"https:\/\/fresco-select.com\/es\/wp-json\/wp\/v2\/comments?post=1095"}],"version-history":[{"count":0,"href":"https:\/\/fresco-select.com\/es\/wp-json\/wp\/v2\/pages\/1095\/revisions"}],"wp:attachment":[{"href":"https:\/\/fresco-select.com\/es\/wp-json\/wp\/v2\/media?parent=1095"}],"curies":[{"name":"wp","href":"https:\/\/api.w.org\/{rel}","templated":true}]}}