{"id":1092,"date":"2025-01-23T14:29:31","date_gmt":"2025-01-23T14:29:31","guid":{"rendered":"https:\/\/fresco.ublac.site\/?page_id=1092"},"modified":"2025-04-30T12:48:07","modified_gmt":"2025-04-30T12:48:07","slug":"logistics-and-transportation","status":"publish","type":"page","link":"https:\/\/fresco-select.com\/es\/logistics-and-transportation\/","title":{"rendered":"Log\u00edstica y transporte"},"content":{"rendered":"<section class=\"bde-section-1092-100 bde-section\">\n              \n  \n  \n\t    \n      <div class=\"section-background-video\">\n              <video\n          autoplay\n muted\n loop\n data-no-translation=\"\">\n        <source data-no-translation =\"\" src=\"https:\/\/fresco.ublac.site\/wp-content\/uploads\/sites\/35\/2025\/01\/top-down-aerial-drone-view-of-freight-trailers-at-2023-11-27-05-22-36-utc_1_1.mp4\" type=\"video\/mp4\" \/>\n      <\/video>\n      <\/div>\n\n\n\n\n<div class=\"section-container\"><h1 class=\"bde-heading-1092-101 bde-heading\">\nLog\u00edstica y transporte\n<\/h1><\/div>\n<\/section><section class=\"bde-section-1092-102 bde-section\">\n  \n  \n\t\n\n\n\n<div class=\"section-container\"><div class=\"bde-columns-1092-103 bde-columns\"><div class=\"bde-column-1092-104 bde-column\">\n  \n  \n\t\n\n\n\n<h2 class=\"bde-heading-1092-106 bde-heading\">\nExcelencia en servicios de log\u00edstica, documentaci\u00f3n y transporte\n<\/h2><div class=\"bde-text-1092-107 bde-text\">\nAGRI International es un proveedor l\u00edder de soluciones integrales de log\u00edstica y transporte, que ofrece una amplia gama de servicios para satisfacer las diversas necesidades de las empresas que participan en el comercio internacional. Con un equipo interno especializado que cuenta con una amplia experiencia en requisitos de exportaci\u00f3n e importaci\u00f3n, as\u00ed como en intrincados procesos de documentaci\u00f3n, garantizamos unas operaciones fluidas y eficientes para cada env\u00edo. Nuestra experiencia en entornos normativos complejos nos permite gestionar todos los aspectos de la log\u00edstica con precisi\u00f3n, garantizando entregas puntuales y el cumplimiento de la normativa en cada paso.<br><br>Adem\u00e1s de nuestros servicios b\u00e1sicos de transporte, tambi\u00e9n ofrecemos un conjunto de soluciones de valor a\u00f1adido, como servicios de consolidaci\u00f3n, gesti\u00f3n de almacenes, acarreo y transbordo. Estas ofertas nos permiten agilizar las cadenas de suministro, reducir costes y mejorar la eficiencia operativa general. Aprovechando nuestras s\u00f3lidas relaciones con las principales navieras, podemos garantizar tarifas competitivas y trasladar ese ahorro directamente a nuestros clientes, lo que nos convierte en un socio de confianza para las empresas que buscan optimizar sus procesos log\u00edsticos minimizando los costes. Nuestro compromiso de ofrecer servicios de primer nivel garantiza que nuestros clientes puedan centrarse en el crecimiento de su negocio mientras nosotros nos ocupamos de sus necesidades de transporte y log\u00edstica.<br>\n<\/div>\n<\/div><div class=\"bde-column-1092-108 bde-column\" data-entrance=\"slideRight\">\n  \n  \n\t\n\n\n\n<div class=\"bde-icon-1092-120 bde-icon\" data-no-translation=\"\">\n\n    \n            <div class=\"bde-icon-icon breakdance-icon-atom\" data-no-translation=\"\" >\n    \n                    <svg xmlns=\"https:\/\/www.w3.org\/2000\/svg\" viewbox=\"0 0 640 512\" data-no-translation=\"\"><!-- Font Awesome Free 5.15.1 by @fontawesome - https:\/\/fontawesome.com License - https:\/\/fontawesome.com\/license\/free (Icons: CC BY 4.0, Fonts: SIL OFL 1.1, Code: MIT License) --><path d=\"M621.3 237.3l-58.5-58.5c-12-12-28.3-18.7-45.3-18.7H480V64c0-17.7-14.3-32-32-32H32C14.3 32 0 46.3 0 64v336c0 44.2 35.8 80 80 80 26.3 0 49.4-12.9 64-32.4 14.6 19.6 37.7 32.4 64 32.4 44.2 0 80-35.8 80-80 0-5.5-.6-10.8-1.6-16h163.2c-1.1 5.2-1.6 10.5-1.6 16 0 44.2 35.8 80 80 80s80-35.8 80-80c0-5.5-.6-10.8-1.6-16H624c8.8 0 16-7.2 16-16v-85.5c0-17-6.7-33.2-18.7-45.2zM80 432c-17.6 0-32-14.4-32-32s14.4-32 32-32 32 14.4 32 32-14.4 32-32 32zm128 0c-17.6 0-32-14.4-32-32s14.4-32 32-32 32 14.4 32 32-14.4 32-32 32zm272-224h37.5c4.3 0 8.3 1.7 11.3 4.7l43.3 43.3H480v-48zm48 224c-17.6 0-32-14.4-32-32s14.4-32 32-32 32 14.4 32 32-14.4 32-32 32z\"\/><\/svg>\n        \n        \n        \n            <\/div>\n    \n\n\n<\/div><div class=\"bde-text-1092-111 bde-text\">\nExpertos en log\u00edstica de l\u00edquidos a granel: gestionamos cisternas flexibles y servicios de transbordo de l\u00edquidos en los principales puertos estadounidenses.<br><br>Equipo interno experimentado: Experiencia en requisitos de exportaci\u00f3n e importaci\u00f3n, y en complejos procesos de documentaci\u00f3n.<br><br>Soluciones de valor a\u00f1adido: Incluidos servicios de consolidaci\u00f3n, gesti\u00f3n de almacenes, acarreo y transbordo.\n<\/div>\n<\/div><\/div><\/div>\n<\/section>","protected":false},"excerpt":{"rendered":"<p>Log\u00edstica y transporte Excelencia en servicios de log\u00edstica, documentaci\u00f3n y transporte AGRI International es un proveedor l\u00edder de soluciones integrales de log\u00edstica y transporte, que ofrece una amplia gama de servicios para satisfacer las diversas necesidades de las empresas que participan en el comercio internacional. Con un equipo interno especializado que cuenta con una amplia experiencia en requisitos de exportaci\u00f3n e importaci\u00f3n, as\u00ed [...]<\/p>","protected":false},"author":1,"featured_media":0,"parent":0,"menu_order":0,"comment_status":"closed","ping_status":"closed","template":"","meta":{"_acf_changed":false,"_breakdance_hide_in_design_set":false,"_breakdance_tags":"","footnotes":""},"class_list":["post-1092","page","type-page","status-publish","hentry"],"acf":[],"_links":{"self":[{"href":"https:\/\/fresco-select.com\/es\/wp-json\/wp\/v2\/pages\/1092","targetHints":{"allow":["GET"]}}],"collection":[{"href":"https:\/\/fresco-select.com\/es\/wp-json\/wp\/v2\/pages"}],"about":[{"href":"https:\/\/fresco-select.com\/es\/wp-json\/wp\/v2\/types\/page"}],"author":[{"embeddable":true,"href":"https:\/\/fresco-select.com\/es\/wp-json\/wp\/v2\/users\/1"}],"replies":[{"embeddable":true,"href":"https:\/\/fresco-select.com\/es\/wp-json\/wp\/v2\/comments?post=1092"}],"version-history":[{"count":0,"href":"https:\/\/fresco-select.com\/es\/wp-json\/wp\/v2\/pages\/1092\/revisions"}],"wp:attachment":[{"href":"https:\/\/fresco-select.com\/es\/wp-json\/wp\/v2\/media?parent=1092"}],"curies":[{"name":"wp","href":"https:\/\/api.w.org\/{rel}","templated":true}]}}