{"id":1089,"date":"2025-01-23T14:28:13","date_gmt":"2025-01-23T14:28:13","guid":{"rendered":"https:\/\/fresco.ublac.site\/?page_id=1089"},"modified":"2025-04-28T15:04:24","modified_gmt":"2025-04-28T15:04:24","slug":"private-label-capabilities","status":"publish","type":"page","link":"https:\/\/fresco-select.com\/es\/private-label-capabilities\/","title":{"rendered":"Marca blanca"},"content":{"rendered":"<section class=\"bde-section-1089-100 bde-section\">\n              \n  \n  \n\t    \n      <div class=\"section-background-video\">\n              <video\n          autoplay\n muted\n loop\n data-no-translation=\"\">\n        <source data-no-translation =\"\" src=\"https:\/\/fresco.ublac.site\/wp-content\/uploads\/sites\/35\/2024\/12\/tomato-sauce-cans-filling-machine-in-a-canned-food-2023-11-27-04-51-14-utc.mp4\" type=\"video\/mp4\" \/>\n      <\/video>\n      <\/div>\n\n\n\n\n<div class=\"section-container\"><h1 class=\"bde-heading-1089-101 bde-heading\">\nServicios de marca blanca y coenvasado\n<\/h1><\/div>\n<\/section><section class=\"bde-section-1089-102 bde-section\">\n  \n  \n\t\n\n\n\n<div class=\"section-container\"><div class=\"bde-columns-1089-103 bde-columns\"><div class=\"bde-column-1089-104 bde-column\">\n  \n  \n\t\n\n\n\n<h2 class=\"bde-heading-1089-105 bde-heading\">\nExcelencia en soluciones personalizadas\n<\/h2><div class=\"bde-text-1089-106 bde-text\">\nAGRI International LLC est\u00e1 especializada en la prestaci\u00f3n de servicios de marca blanca de alta calidad para una amplia gama de productos alimentarios, como aderezos, salsas, mayonesa y aceites. Trabajamos estrechamente con cada cliente para garantizar que se satisfacen sus necesidades espec\u00edficas, ofreciendo soluciones personalizadas que se alinean con la visi\u00f3n de su marca. Tanto si busca un perfil de sabor \u00fanico como un envase especializado, nuestro equipo est\u00e1 preparado para atender una gran variedad de peticiones. Nos enorgullecemos de ser altamente adaptables, entendiendo que cada negocio tiene diferentes requisitos en lo que se refiere a ofertas de productos y cantidades de pedidos.<br><br>Una de las principales ventajas de asociarse con nosotros es nuestra flexibilidad con las cantidades m\u00ednimas de pedido (MOQ). Sabemos que las empresas, ya sean peque\u00f1as o grandes, tienen distintas necesidades de producci\u00f3n, y estamos encantados de adaptarnos a pedidos de volumen bajo o medio, garantizando que incluso las empresas m\u00e1s peque\u00f1as tengan acceso a productos de marca blanca de primer nivel. Adem\u00e1s, le ofrecemos asistencia completa en el dise\u00f1o y la creaci\u00f3n de las etiquetas de sus productos, ofreci\u00e9ndole aportaciones creativas o trabajando directamente con su equipo para dar vida a la identidad de su marca. Nuestros servicios integrales le permiten lanzar sus productos alimentarios al mercado con facilidad y confianza.\n<\/div>\n<\/div><div class=\"bde-column-1089-107 bde-column\" data-entrance=\"slideRight\">\n  \n  \n\t\n\n\n\n<div class=\"bde-icon-1089-111 bde-icon\" data-no-translation=\"\">\n\n    \n            <div class=\"bde-icon-icon breakdance-icon-atom\" data-no-translation=\"\" >\n    \n                    <svg xmlns=\"https:\/\/www.w3.org\/2000\/svg\" viewbox=\"0 0 512 512\" data-no-translation=\"\"><!-- Font Awesome Free 5.15.1 by @fontawesome - https:\/\/fontawesome.com License - https:\/\/fontawesome.com\/license\/free (Icons: CC BY 4.0, Fonts: SIL OFL 1.1, Code: MIT License) --><path d=\"M256 112a56 56 0 1 0-56-56 56 56 0 0 0 56 56zm176 336H80a16 16 0 0 0-16 16v32a16 16 0 0 0 16 16h352a16 16 0 0 0 16-16v-32a16 16 0 0 0-16-16zm72.87-263.84l-28.51-15.92c-7.44-5-16.91-2.46-22.29 4.68a47.59 47.59 0 0 1-47.23 18.23C383.7 186.86 368 164.93 368 141.4a13.4 13.4 0 0 0-13.4-13.4h-38.77c-6 0-11.61 4-12.86 9.91a48 48 0 0 1-93.94 0c-1.25-5.92-6.82-9.91-12.86-9.91H157.4a13.4 13.4 0 0 0-13.4 13.4c0 25.69-19 48.75-44.67 50.49a47.5 47.5 0 0 1-41.54-19.15c-5.28-7.09-14.73-9.45-22.09-4.54l-28.57 16a16 16 0 0 0-5.44 20.47L104.24 416h303.52l102.55-211.37a16 16 0 0 0-5.44-20.47z\"\/><\/svg>\n        \n        \n        \n            <\/div>\n    \n\n\n<\/div><div class=\"bde-text-1089-110 bde-text\">\nOfrece soluciones personalizadas adaptadas a la visi\u00f3n de marca de cada cliente\n<\/div>\n<\/div><\/div><\/div>\n<\/section>","protected":false},"excerpt":{"rendered":"<p>Servicios de etiqueta privada y coenvasado Excelencia en soluciones personalizadas AGRI International LLC se especializa en la prestaci\u00f3n de servicios de etiqueta privada de alta calidad para una amplia gama de productos alimenticios, incluidos aderezos, salsas, mayonesa y aceites. Trabajamos estrechamente con cada cliente para garantizar que se satisfacen sus necesidades espec\u00edficas, ofreciendo soluciones personalizadas que se alinean con la visi\u00f3n de su marca. [...]<\/p>","protected":false},"author":1,"featured_media":0,"parent":0,"menu_order":0,"comment_status":"closed","ping_status":"closed","template":"","meta":{"_acf_changed":false,"_breakdance_hide_in_design_set":false,"_breakdance_tags":"","footnotes":""},"class_list":["post-1089","page","type-page","status-publish","hentry"],"acf":[],"_links":{"self":[{"href":"https:\/\/fresco-select.com\/es\/wp-json\/wp\/v2\/pages\/1089","targetHints":{"allow":["GET"]}}],"collection":[{"href":"https:\/\/fresco-select.com\/es\/wp-json\/wp\/v2\/pages"}],"about":[{"href":"https:\/\/fresco-select.com\/es\/wp-json\/wp\/v2\/types\/page"}],"author":[{"embeddable":true,"href":"https:\/\/fresco-select.com\/es\/wp-json\/wp\/v2\/users\/1"}],"replies":[{"embeddable":true,"href":"https:\/\/fresco-select.com\/es\/wp-json\/wp\/v2\/comments?post=1089"}],"version-history":[{"count":0,"href":"https:\/\/fresco-select.com\/es\/wp-json\/wp\/v2\/pages\/1089\/revisions"}],"wp:attachment":[{"href":"https:\/\/fresco-select.com\/es\/wp-json\/wp\/v2\/media?parent=1089"}],"curies":[{"name":"wp","href":"https:\/\/api.w.org\/{rel}","templated":true}]}}